{"id":257,"date":"2025-12-03T11:53:59","date_gmt":"2025-12-03T10:53:59","guid":{"rendered":"https:\/\/www.extincteursicli.com\/?page_id=257"},"modified":"2025-12-03T11:55:34","modified_gmt":"2025-12-03T10:55:34","slug":"site-en-cours-de-maintenance","status":"publish","type":"page","link":"https:\/\/www.extincteursicli.com\/","title":{"rendered":"Site en cours de Maintenance"},"content":{"rendered":"<p>[et_pb_section fb_built=&#8221;1&#8243; custom_padding_last_edited=&#8221;off|desktop&#8221; admin_label=&#8221;Listings&#8221; _builder_version=&#8221;4.16&#8243; background_color=&#8221;#f5f6f7&#8243; custom_padding=&#8221;|||&#8221; custom_padding_tablet=&#8221;100px|||&#8221; global_colors_info=&#8221;{}&#8221;][et_pb_row _builder_version=&#8221;4.16&#8243; global_colors_info=&#8221;{}&#8221;][et_pb_column type=&#8221;4_4&#8243; _builder_version=&#8221;4.16&#8243; custom_padding=&#8221;|||&#8221; global_colors_info=&#8221;{}&#8221; custom_padding__hover=&#8221;|||&#8221;][et_pb_text _builder_version=&#8221;4.27.4&#8243; text_font=&#8221;Josefin Sans||||||||&#8221; text_font_size=&#8221;20px&#8221; text_line_height=&#8221;1.8em&#8221; header_font=&#8221;||||||||&#8221; header_2_font=&#8221;Josefin Sans|700|||||||&#8221; header_2_font_size=&#8221;50px&#8221; header_2_line_height=&#8221;1.4em&#8221; text_orientation=&#8221;center&#8221; max_width=&#8221;800px&#8221; module_alignment=&#8221;center&#8221; hover_enabled=&#8221;0&#8243; header_2_font_size_tablet=&#8221;50px&#8221; header_2_font_size_phone=&#8221;34px&#8221; header_2_font_size_last_edited=&#8221;on|phone&#8221; global_colors_info=&#8221;{}&#8221; sticky_enabled=&#8221;0&#8243;]<\/p>\n<p data-start=\"49\" data-end=\"85\">\ud83d\udee0\ufe0f <strong data-start=\"53\" data-end=\"85\">Site en cours de maintenance<\/strong><\/p>\n<p data-start=\"87\" data-end=\"208\">Notre site est actuellement en maintenance afin d\u2019am\u00e9liorer votre exp\u00e9rience.<br data-start=\"164\" data-end=\"167\" \/>Nous serons de retour tr\u00e8s prochainement.<\/p>\n<p data-start=\"210\" data-end=\"259\">Merci pour votre patience et votre compr\u00e9hension.<\/p>\n<p>[\/et_pb_text][\/et_pb_column][\/et_pb_row][\/et_pb_section]<\/p>\n","protected":false},"excerpt":{"rendered":"<p>\ud83d\udee0\ufe0f Site en cours de maintenance Notre site est actuellement en maintenance afin d\u2019am\u00e9liorer votre exp\u00e9rience.Nous serons de retour tr\u00e8s prochainement. Merci pour votre patience et votre compr\u00e9hension.<\/p>\n","protected":false},"author":1,"featured_media":0,"parent":0,"menu_order":0,"comment_status":"closed","ping_status":"closed","template":"","meta":{"_et_pb_use_builder":"on","_et_pb_old_content":"","_et_gb_content_width":"","footnotes":""},"class_list":["post-257","page","type-page","status-publish","hentry"],"yoast_head":"<!-- This site is optimized with the Yoast SEO plugin v27.4 - https:\/\/yoast.com\/product\/yoast-seo-wordpress\/ -->\n<title>Site en cours de Maintenance - Extincteur SICLI<\/title>\n<meta name=\"robots\" content=\"index, follow, max-snippet:-1, max-image-preview:large, max-video-preview:-1\" \/>\n<link rel=\"canonical\" href=\"https:\/\/www.extincteursicli.com\/\" \/>\n<meta property=\"og:locale\" content=\"en_US\" \/>\n<meta property=\"og:type\" content=\"article\" \/>\n<meta property=\"og:title\" content=\"Site en cours de Maintenance - Extincteur SICLI\" \/>\n<meta property=\"og:description\" content=\"\ud83d\udee0\ufe0f Site en cours de maintenance Notre site est actuellement en maintenance afin d\u2019am\u00e9liorer votre exp\u00e9rience.Nous serons de retour tr\u00e8s prochainement. Merci pour votre patience et votre compr\u00e9hension.\" \/>\n<meta property=\"og:url\" content=\"https:\/\/www.extincteursicli.com\/\" \/>\n<meta property=\"og:site_name\" content=\"Extincteur SICLI\" \/>\n<meta property=\"article:modified_time\" content=\"2025-12-03T10:55:34+00:00\" \/>\n<meta name=\"twitter:card\" content=\"summary_large_image\" \/>\n<meta name=\"twitter:label1\" content=\"Est. reading time\" \/>\n\t<meta name=\"twitter:data1\" content=\"6 minutes\" \/>\n<script type=\"application\/ld+json\" class=\"yoast-schema-graph\">{\"@context\":\"https:\\\/\\\/schema.org\",\"@graph\":[{\"@type\":\"WebPage\",\"@id\":\"https:\\\/\\\/www.extincteursicli.com\\\/\",\"url\":\"https:\\\/\\\/www.extincteursicli.com\\\/\",\"name\":\"Site en cours de Maintenance - Extincteur SICLI\",\"isPartOf\":{\"@id\":\"https:\\\/\\\/www.extincteursicli.com\\\/#website\"},\"datePublished\":\"2025-12-03T10:53:59+00:00\",\"dateModified\":\"2025-12-03T10:55:34+00:00\",\"breadcrumb\":{\"@id\":\"https:\\\/\\\/www.extincteursicli.com\\\/#breadcrumb\"},\"inLanguage\":\"en-US\",\"potentialAction\":[{\"@type\":\"ReadAction\",\"target\":[\"https:\\\/\\\/www.extincteursicli.com\\\/\"]}]},{\"@type\":\"BreadcrumbList\",\"@id\":\"https:\\\/\\\/www.extincteursicli.com\\\/#breadcrumb\",\"itemListElement\":[{\"@type\":\"ListItem\",\"position\":1,\"name\":\"Accueil\",\"item\":\"https:\\\/\\\/www.extincteursicli.com\\\/\"},{\"@type\":\"ListItem\",\"position\":2,\"name\":\"Site en cours de Maintenance\"}]},{\"@type\":\"WebSite\",\"@id\":\"https:\\\/\\\/www.extincteursicli.com\\\/#website\",\"url\":\"https:\\\/\\\/www.extincteursicli.com\\\/\",\"name\":\"Extincteur SICLI\",\"description\":\"La pr\u00e9vention incendie, au c\u0153ur de notre mission.\",\"potentialAction\":[{\"@type\":\"SearchAction\",\"target\":{\"@type\":\"EntryPoint\",\"urlTemplate\":\"https:\\\/\\\/www.extincteursicli.com\\\/?s={search_term_string}\"},\"query-input\":{\"@type\":\"PropertyValueSpecification\",\"valueRequired\":true,\"valueName\":\"search_term_string\"}}],\"inLanguage\":\"en-US\"}]}<\/script>\n<!-- \/ Yoast SEO plugin. -->","yoast_head_json":{"title":"Site en cours de Maintenance - Extincteur SICLI","robots":{"index":"index","follow":"follow","max-snippet":"max-snippet:-1","max-image-preview":"max-image-preview:large","max-video-preview":"max-video-preview:-1"},"canonical":"https:\/\/www.extincteursicli.com\/","og_locale":"en_US","og_type":"article","og_title":"Site en cours de Maintenance - Extincteur SICLI","og_description":"\ud83d\udee0\ufe0f Site en cours de maintenance Notre site est actuellement en maintenance afin d\u2019am\u00e9liorer votre exp\u00e9rience.Nous serons de retour tr\u00e8s prochainement. Merci pour votre patience et votre compr\u00e9hension.","og_url":"https:\/\/www.extincteursicli.com\/","og_site_name":"Extincteur SICLI","article_modified_time":"2025-12-03T10:55:34+00:00","twitter_card":"summary_large_image","twitter_misc":{"Est. reading time":"6 minutes"},"schema":{"@context":"https:\/\/schema.org","@graph":[{"@type":"WebPage","@id":"https:\/\/www.extincteursicli.com\/","url":"https:\/\/www.extincteursicli.com\/","name":"Site en cours de Maintenance - Extincteur SICLI","isPartOf":{"@id":"https:\/\/www.extincteursicli.com\/#website"},"datePublished":"2025-12-03T10:53:59+00:00","dateModified":"2025-12-03T10:55:34+00:00","breadcrumb":{"@id":"https:\/\/www.extincteursicli.com\/#breadcrumb"},"inLanguage":"en-US","potentialAction":[{"@type":"ReadAction","target":["https:\/\/www.extincteursicli.com\/"]}]},{"@type":"BreadcrumbList","@id":"https:\/\/www.extincteursicli.com\/#breadcrumb","itemListElement":[{"@type":"ListItem","position":1,"name":"Accueil","item":"https:\/\/www.extincteursicli.com\/"},{"@type":"ListItem","position":2,"name":"Site en cours de Maintenance"}]},{"@type":"WebSite","@id":"https:\/\/www.extincteursicli.com\/#website","url":"https:\/\/www.extincteursicli.com\/","name":"Extincteur SICLI","description":"La pr\u00e9vention incendie, au c\u0153ur de notre mission.","potentialAction":[{"@type":"SearchAction","target":{"@type":"EntryPoint","urlTemplate":"https:\/\/www.extincteursicli.com\/?s={search_term_string}"},"query-input":{"@type":"PropertyValueSpecification","valueRequired":true,"valueName":"search_term_string"}}],"inLanguage":"en-US"}]}},"_links":{"self":[{"href":"https:\/\/www.extincteursicli.com\/index.php?rest_route=\/wp\/v2\/pages\/257","targetHints":{"allow":["GET"]}}],"collection":[{"href":"https:\/\/www.extincteursicli.com\/index.php?rest_route=\/wp\/v2\/pages"}],"about":[{"href":"https:\/\/www.extincteursicli.com\/index.php?rest_route=\/wp\/v2\/types\/page"}],"author":[{"embeddable":true,"href":"https:\/\/www.extincteursicli.com\/index.php?rest_route=\/wp\/v2\/users\/1"}],"replies":[{"embeddable":true,"href":"https:\/\/www.extincteursicli.com\/index.php?rest_route=%2Fwp%2Fv2%2Fcomments&post=257"}],"version-history":[{"count":4,"href":"https:\/\/www.extincteursicli.com\/index.php?rest_route=\/wp\/v2\/pages\/257\/revisions"}],"predecessor-version":[{"id":296,"href":"https:\/\/www.extincteursicli.com\/index.php?rest_route=\/wp\/v2\/pages\/257\/revisions\/296"}],"wp:attachment":[{"href":"https:\/\/www.extincteursicli.com\/index.php?rest_route=%2Fwp%2Fv2%2Fmedia&parent=257"}],"curies":[{"name":"wp","href":"https:\/\/api.w.org\/{rel}","templated":true}]}}